{"id":192,"date":"2022-07-07T09:25:28","date_gmt":"2022-07-07T09:25:28","guid":{"rendered":"https:\/\/competent-fermat.195-242-103-230.plesk.page\/?page_id=192"},"modified":"2024-02-02T12:21:46","modified_gmt":"2024-02-02T12:21:46","slug":"impressum","status":"publish","type":"page","link":"https:\/\/artbau-muenchen.de\/index.php\/impressum\/","title":{"rendered":"Impressum"},"content":{"rendered":"<p>[et_pb_section fb_built=&#8220;1&#8243; specialty=&#8220;on&#8220; padding_left_right_link_2=&#8220;true&#8220; padding_right_2=&#8220;5vw&#8220; padding_left_2=&#8220;5vw&#8220; admin_label=&#8220;Header&#8220; _builder_version=&#8220;4.14.9&#8243; use_background_color_gradient=&#8220;on&#8220; background_color_gradient_start=&#8220;rgba(39,45,55,0.55)&#8220; background_color_gradient_end=&#8220;rgba(39,45,55,0)&#8220; background_color_gradient_overlays_image=&#8220;on&#8220; background_image=&#8220;https:\/\/artbau-muenchen.de\/wp-content\/uploads\/2022\/07\/AdobeStock_209747080-scaled.jpg&#8220; module_alignment=&#8220;center&#8220; inner_width=&#8220;100%&#8220; inner_max_width=&#8220;100%&#8220; custom_margin=&#8220;100px||&#8220; custom_margin_tablet=&#8220;0px||&#8220; custom_margin_phone=&#8220;&#8220; custom_margin_last_edited=&#8220;on|tablet&#8220; custom_padding=&#8220;0|0px|9vw|0px|false|false&#8220; background_last_edited=&#8220;on|phone&#8220; border_width_all=&#8220;5vw&#8220; border_color_all=&#8220;#ffffff&#8220; border_width_bottom=&#8220;0px&#8220; use_custom_width=&#8220;on&#8220; width_unit=&#8220;off&#8220; custom_width_percent=&#8220;100%&#8220; locked=&#8220;off&#8220; global_colors_info=&#8220;{}&#8220;][et_pb_column type=&#8220;1_2&#8243; _builder_version=&#8220;3.25&#8243; custom_padding=&#8220;|||&#8220; global_colors_info=&#8220;{}&#8220; custom_padding__hover=&#8220;|||&#8220;][\/et_pb_column][et_pb_column type=&#8220;1_2&#8243; specialty_columns=&#8220;2&#8243; _builder_version=&#8220;3.25&#8243; custom_padding=&#8220;|||&#8220; global_colors_info=&#8220;{}&#8220; custom_padding__hover=&#8220;|||&#8220;][et_pb_row_inner custom_padding_last_edited=&#8220;on|tablet&#8220; _builder_version=&#8220;3.25&#8243; background_color=&#8220;#272d37&#8243; custom_margin=&#8220;-108px|||79px||&#8220; custom_margin_tablet=&#8220;0px||&#8220; custom_margin_phone=&#8220;&#8220; custom_margin_last_edited=&#8220;on|tablet&#8220; custom_padding=&#8220;60px|90px|60px|90px|true|true&#8220; custom_padding_tablet=&#8220;30px|30px|30px|30px|true|true&#8220; custom_padding_phone=&#8220;&#8220; animation_style=&#8220;slide&#8220; animation_direction=&#8220;bottom&#8220; animation_intensity_slide=&#8220;2%&#8220; global_colors_info=&#8220;{}&#8220;][et_pb_column_inner saved_specialty_column_type=&#8220;1_2&#8243; _builder_version=&#8220;3.25&#8243; custom_padding=&#8220;|||&#8220; global_colors_info=&#8220;{}&#8220; custom_padding__hover=&#8220;|||&#8220;][et_pb_text _builder_version=&#8220;4.14.9&#8243; text_font=&#8220;||||||||&#8220; header_font=&#8220;||||||||&#8220; header_2_font=&#8220;Roboto|900|||||||&#8220; header_2_font_size=&#8220;4vw&#8220; header_2_line_height=&#8220;1.4em&#8220; header_4_font=&#8220;Roboto||||||||&#8220; header_4_text_color=&#8220;#666666&#8243; header_4_font_size=&#8220;24px&#8220; header_4_line_height=&#8220;1.2em&#8220; text_orientation=&#8220;right&#8220; background_layout=&#8220;dark&#8220; header_2_font_size_tablet=&#8220;35px&#8220; header_2_font_size_phone=&#8220;25px&#8220; header_2_font_size_last_edited=&#8220;on|tablet&#8220; locked=&#8220;off&#8220; global_colors_info=&#8220;{}&#8220; header_font_size__hover=&#8220;30px&#8220; header_font_size__hover_enabled=&#8220;30px&#8220; header_letter_spacing__hover=&#8220;0px&#8220; header_letter_spacing__hover_enabled=&#8220;0px&#8220; header_text_shadow_style__hover=&#8220;none&#8220; header_text_shadow_style__hover_enabled=&#8220;none&#8220; header_text_shadow_color__hover=&#8220;rgba(0,0,0,0.4)&#8220; header_text_shadow_color__hover_enabled=&#8220;rgba(0,0,0,0.4)&#8220;]<\/p>\n<p>SO FINDET MAN UNS<\/p>\n<p style=\"text-align: left;\"><strong>Standort in Schwindegg<br \/><\/strong><strong>B\u00fcro und Verwaltung<\/strong><\/p>\n<p style=\"text-align: left;\">Fischerstra\u00dfe 11<br \/>84419 Schwindegg<\/p>\n<p style=\"text-align: left;\"><a href=\"mailto:art.bau@gmx.de\">art.bau@gmx.de<\/a><\/p>\n<p style=\"text-align: left;\">www.artbau-muenchen.de<\/p>\n<p style=\"text-align: left;\">\n<p style=\"text-align: left;\">Tel.: 080 823 120 622<br \/>Mob.: 0177 3697776<\/p>\n<p style=\"text-align: left;\">[\/et_pb_text][\/et_pb_column_inner][\/et_pb_row_inner][\/et_pb_column][\/et_pb_section][et_pb_section fb_built=&#8220;1&#8243; use_custom_gutter=&#8220;on&#8220; gutter_width=&#8220;1&#8243; specialty=&#8220;on&#8220; padding_left_right_link_1=&#8220;false&#8220; padding_top_1=&#8220;0px&#8220; admin_label=&#8220;Header&#8220; _builder_version=&#8220;3.22&#8243; module_alignment=&#8220;center&#8220; inner_width=&#8220;100%&#8220; inner_max_width=&#8220;100%&#8220; custom_padding=&#8220;0|0px|0|0px|false|false&#8220; border_width_all=&#8220;5vw&#8220; border_color_all=&#8220;#ffffff&#8220; border_width_top=&#8220;0px&#8220; border_width_bottom=&#8220;0px&#8220; use_custom_width=&#8220;on&#8220; width_unit=&#8220;off&#8220; custom_width_percent=&#8220;100%&#8220; locked=&#8220;off&#8220; global_colors_info=&#8220;{}&#8220;][et_pb_column type=&#8220;1_2&#8243; _builder_version=&#8220;3.25&#8243; custom_padding=&#8220;|||&#8220; global_colors_info=&#8220;{}&#8220; custom_padding__hover=&#8220;|||&#8220;][et_pb_text _builder_version=&#8220;4.14.9&#8243; text_font=&#8220;||||||||&#8220; header_font=&#8220;Roboto|900|||||||&#8220; header_font_size=&#8220;5vw&#8220; header_line_height=&#8220;1.4em&#8220; header_4_font=&#8220;Roboto||||||||&#8220; header_4_text_color=&#8220;#666666&#8243; header_4_font_size=&#8220;24px&#8220; header_4_line_height=&#8220;1.4em&#8220; background_color=&#8220;#ffffff&#8220; module_alignment=&#8220;left&#8220; custom_margin=&#8220;-9vw|||||false&#8220; custom_margin_tablet=&#8220;0vw||0vw||true&#8220; custom_margin_phone=&#8220;&#8220; custom_margin_last_edited=&#8220;on|tablet&#8220; custom_padding=&#8220;100px|5vw||5vw||true&#8220; custom_padding_tablet=&#8220;40px|5vw|40px|5vw|true|true&#8220; custom_padding_phone=&#8220;&#8220; custom_padding_last_edited=&#8220;on|desktop&#8220; header_font_size_tablet=&#8220;55px&#8220; header_font_size_phone=&#8220;35px&#8220; header_font_size_last_edited=&#8220;on|phone&#8220; header_4_font_size_tablet=&#8220;20px&#8220; header_4_font_size_phone=&#8220;18px&#8220; header_4_font_size_last_edited=&#8220;on|phone&#8220; locked=&#8220;off&#8220; global_colors_info=&#8220;{}&#8220;]<\/p>\n<h1>ART BAU<\/h1>\n<h4>Wie der Name schon sagt<\/h4>\n<p>[\/et_pb_text][\/et_pb_column][et_pb_column type=&#8220;1_2&#8243; specialty_columns=&#8220;2&#8243; _builder_version=&#8220;3.25&#8243; custom_padding=&#8220;|||&#8220; global_colors_info=&#8220;{}&#8220; custom_padding__hover=&#8220;|||&#8220;][et_pb_row_inner _builder_version=&#8220;4.14.9&#8243; _module_preset=&#8220;default&#8220; global_colors_info=&#8220;{}&#8220;][et_pb_column_inner saved_specialty_column_type=&#8220;1_2&#8243; _builder_version=&#8220;4.14.9&#8243; _module_preset=&#8220;default&#8220; global_colors_info=&#8220;{}&#8220;][et_pb_text _builder_version=&#8220;4.14.9&#8243; _module_preset=&#8220;default&#8220; text_font_size=&#8220;22px&#8220; custom_margin=&#8220;-27px|||||&#8220; global_colors_info=&#8220;{}&#8220;]<\/p>\n<p style=\"text-align: center;\">NEUBAU UND ALTBAUSANIERUNG<\/p>\n<p>[\/et_pb_text][\/et_pb_column_inner][\/et_pb_row_inner][\/et_pb_column][\/et_pb_section][et_pb_section fb_built=&#8220;1&#8243; _builder_version=&#8220;4.14.9&#8243; _module_preset=&#8220;default&#8220; global_colors_info=&#8220;{}&#8220;][et_pb_row _builder_version=&#8220;4.14.9&#8243; _module_preset=&#8220;default&#8220; global_colors_info=&#8220;{}&#8220;][et_pb_column type=&#8220;4_4&#8243; _builder_version=&#8220;4.14.9&#8243; _module_preset=&#8220;default&#8220; global_colors_info=&#8220;{}&#8220;][et_pb_text _builder_version=&#8220;4.14.9&#8243; _module_preset=&#8220;default&#8220; text_font_size=&#8220;18px&#8220; global_colors_info=&#8220;{}&#8220;]<\/p>\n<h1 style=\"margin-top: 0.75rem; margin-bottom: 0.75rem; margin-left: 0px; padding: 0px; border: 0px; outline: 0px; font-size: 28px; vertical-align: baseline; font-family: Lato, arial, sans-serif; color: #222222; font-weight: bold; line-height: 1.2em; font-stretch: normal; caret-color: #222222; background-position: 0px 0px;\">Impressum<\/h1>\n<h2 style=\"margin-top: 0.75rem; margin-bottom: 0.75rem; padding: 0px; border: 0px; outline: 0px; font-size: 24px; vertical-align: baseline; font-family: Lato, arial, sans-serif; color: #666666; font-weight: bold; line-height: 1.2em; font-stretch: normal; background-position: 0px 0px;\">Angaben gem\u00e4\u00df \u00a7 5 TMG<\/h2>\n<p style=\"margin-bottom: 1.2em; padding: 0px; border: 0px; outline: 0px; vertical-align: baseline; font-stretch: normal; line-height: 1.5em; font-family: Lato, arial, sans-serif; color: #444444; font-size: 16px !important; background-position: 0px 0px;\">Arton Januzaj<br \/>Art Bau<br \/>Fischerstra\u00dfe 11<br \/>84419 Schwindegg<\/p>\n<h2 style=\"margin-top: 0.75rem; margin-bottom: 0.75rem; padding: 0px; border: 0px; outline: 0px; font-size: 24px; vertical-align: baseline; font-family: Lato, arial, sans-serif; color: #666666; font-weight: bold; line-height: 1.2em; font-stretch: normal; background-position: 0px 0px;\">Kontakt<\/h2>\n<p style=\"margin-bottom: 1.2em; padding: 0px; border: 0px; outline: 0px; vertical-align: baseline; font-stretch: normal; line-height: 1.5em; font-family: Lato, arial, sans-serif; color: #444444; font-size: 16px !important; background-position: 0px 0px;\">Telefon: 080 823 120 622<br \/>E-Mail: art.bau@gmx.de<\/p>\n<p><strong>Kontakt wegen Werbezwecke<\/strong><\/p>\n<p>M\u00f6chte eine Firma zu Verkaufszwecken telefonisch Kontakt zu uns nehmen, muss sie sich\u00a0vorab\u00a0sein\u00a0Einverst\u00e4ndnissichern. Es reicht nicht, die Einwilligung zu Beginn des Telefonats einzuholen.<\/p>\n<p><a href=\"mailto:info@media-present.com\" title=\"info@media-present.com\">EINVERST\u00c4NDNIS\u00a0<\/a><a style=\"orphans: 2; widows: 2; background-color: rgba(250, 245, 245, 0.88); caret-color: #000000; color: #000000; font-family: 'PT Sans Narrow', sans-serif, google;\"><\/a><\/p>\n<p style=\"margin-bottom: 1.2em; padding: 0px; border: 0px; outline: 0px; vertical-align: baseline; font-stretch: normal; line-height: 1.5em; font-family: Lato, arial, sans-serif; color: #444444; font-size: 16px !important; background-position: 0px 0px;\">\n<p style=\"margin-bottom: 1.2em; padding: 0px; border: 0px; outline: 0px; vertical-align: baseline; font-stretch: normal; line-height: 1.5em; font-family: Lato, arial, sans-serif; color: #444444; font-size: 16px !important; background-position: 0px 0px;\"><span style=\"color: #666666; font-size: 24px; font-weight: bold;\">Angaben zur Berufshaftpflichtversicherung<\/span><\/p>\n<p style=\"margin-bottom: 1.2em; padding: 0px; border: 0px; outline: 0px; vertical-align: baseline; font-stretch: normal; line-height: 1.5em; font-family: Lato, arial, sans-serif; color: #444444; font-size: 16px !important; background-position: 0px 0px;\"><span style=\"margin: 0px; padding: 0px; border: 0px; outline: 0px; vertical-align: baseline; font-weight: bold; background-position: 0px 0px;\">Name und Sitz des Versicherers:<\/span><br \/>folgt<\/p>\n<p style=\"margin-bottom: 1.2em; padding: 0px; border: 0px; outline: 0px; vertical-align: baseline; font-stretch: normal; line-height: 1.5em; font-family: Lato, arial, sans-serif; color: #444444; font-size: 16px !important; background-position: 0px 0px;\"><span style=\"margin: 0px; padding: 0px; border: 0px; outline: 0px; vertical-align: baseline; font-weight: bold; background-position: 0px 0px;\">Geltungsraum der Versicherung:<\/span><br \/>Deutschland<\/p>\n<h2 style=\"margin-top: 0.75rem; margin-bottom: 0.75rem; padding: 0px; border: 0px; outline: 0px; font-size: 24px; vertical-align: baseline; font-family: Lato, arial, sans-serif; color: #666666; font-weight: bold; line-height: 1.2em; font-stretch: normal; background-position: 0px 0px;\">Verantwortlich f\u00fcr den Inhalt nach \u00a7 55 Abs. 2 RStV<\/h2>\n<p>Media Present GmbH<br \/>Wilhelmine-Reichard-Stra\u00dfe 7<br \/>80935 M\u00fcnchen<\/p>\n<p>Telefon: 089 20571770<br \/>E-Mail: info@media-present.de<\/p>\n<p>Website: www.media-present.de<\/p>\n<p>Einfache nutzungsrechte der Texten.<br \/>Lizenzierte Adobe Stock Bilder: AdobeStock_98898882<\/p>\n<p style=\"margin-bottom: 1.2em; padding: 0px; border: 0px; outline: 0px; vertical-align: baseline; font-stretch: normal; line-height: 1.5em; font-family: Lato, arial, sans-serif; color: #444444; font-size: 16px !important; background-position: 0px 0px;\">Wir sind nicht bereit oder verpflichtet, an Streitbeilegungsverfahren vor einer Verbraucherschlichtungsstelle teilzunehmen.<\/p>\n<h3 style=\"text-transform: none; margin-top: 0.75rem; margin-bottom: 0.75rem; padding: 0px; border: 0px; outline: 0px; font-size: 20px; vertical-align: baseline; font-family: Lato, arial, sans-serif; color: #666666; font-weight: bold; line-height: 1.2em; font-stretch: normal; background-position: 0px 0px;\">Haftung f\u00fcr Inhalte<\/h3>\n<p style=\"margin-bottom: 1.2em; padding: 0px; border: 0px; outline: 0px; vertical-align: baseline; font-stretch: normal; line-height: 1.5em; font-family: Lato, arial, sans-serif; color: #444444; font-size: 16px !important; background-position: 0px 0px;\">Als Diensteanbieter sind wir gem\u00e4\u00df \u00a7 7 Abs.1 TMG f\u00fcr eigene Inhalte auf diesen Seiten nach den allgemeinen Gesetzen verantwortlich. Nach \u00a7\u00a7 8 bis 10 TMG sind wir als Diensteanbieter jedoch nicht verpflichtet, \u00fcbermittelte oder gespeicherte fremde Informationen zu \u00fcberwachen oder nach Umst\u00e4nden zu forschen, die auf eine rechtswidrige T\u00e4tigkeit hinweisen.<\/p>\n<p style=\"margin-bottom: 1.2em; padding: 0px; border: 0px; outline: 0px; vertical-align: baseline; font-stretch: normal; line-height: 1.5em; font-family: Lato, arial, sans-serif; color: #444444; font-size: 16px !important; background-position: 0px 0px;\">Verpflichtungen zur Entfernung oder Sperrung der Nutzung von Informationen nach den allgemeinen Gesetzen bleiben hiervon unber\u00fchrt. Eine diesbez\u00fcgliche Haftung ist jedoch erst ab dem Zeitpunkt der Kenntnis einer konkreten Rechtsverletzung m\u00f6glich. Bei Bekanntwerden von entsprechenden Rechtsverletzungen werden wir diese Inhalte umgehend entfernen.<\/p>\n<h3 style=\"text-transform: none; margin-top: 0.75rem; margin-bottom: 0.75rem; padding: 0px; border: 0px; outline: 0px; font-size: 20px; vertical-align: baseline; font-family: Lato, arial, sans-serif; color: #666666; font-weight: bold; line-height: 1.2em; font-stretch: normal; background-position: 0px 0px;\">Haftung f\u00fcr Links<\/h3>\n<p style=\"margin-bottom: 1.2em; padding: 0px; border: 0px; outline: 0px; vertical-align: baseline; font-stretch: normal; line-height: 1.5em; font-family: Lato, arial, sans-serif; color: #444444; font-size: 16px !important; background-position: 0px 0px;\">Unser Angebot enth\u00e4lt Links zu externen Websites Dritter, auf deren Inhalte wir keinen Einfluss haben. Deshalb k\u00f6nnen wir f\u00fcr diese fremden Inhalte auch keine Gew\u00e4hr \u00fcbernehmen. F\u00fcr die Inhalte der verlinkten Seiten ist stets der jeweilige Anbieter oder Betreiber der Seiten verantwortlich. Die verlinkten Seiten wurden zum Zeitpunkt der Verlinkung auf m\u00f6gliche Rechtsverst\u00f6\u00dfe \u00fcberpr\u00fcft. Rechtswidrige Inhalte waren zum Zeitpunkt der Verlinkung nicht erkennbar.<\/p>\n<p style=\"margin-bottom: 1.2em; padding: 0px; border: 0px; outline: 0px; vertical-align: baseline; font-stretch: normal; line-height: 1.5em; font-family: Lato, arial, sans-serif; color: #444444; font-size: 16px !important; background-position: 0px 0px;\">Eine permanente inhaltliche Kontrolle der verlinkten Seiten ist jedoch ohne konkrete Anhaltspunkte einer Rechtsverletzung nicht zumutbar. Bei Bekanntwerden von Rechtsverletzungen werden wir derartige Links umgehend entfernen.<\/p>\n<h3 style=\"text-transform: none; margin-top: 0.75rem; margin-bottom: 0.75rem; padding: 0px; border: 0px; outline: 0px; font-size: 20px; vertical-align: baseline; font-family: Lato, arial, sans-serif; color: #666666; font-weight: bold; line-height: 1.2em; font-stretch: normal; background-position: 0px 0px;\">Urheberrecht<\/h3>\n<p style=\"margin-bottom: 1.2em; padding: 0px; border: 0px; outline: 0px; vertical-align: baseline; font-stretch: normal; line-height: 1.5em; font-family: Lato, arial, sans-serif; color: #444444; font-size: 16px !important; background-position: 0px 0px;\">Die durch die Seitenbetreiber erstellten Inhalte und Werke auf diesen Seiten unterliegen dem deutschen Urheberrecht. Die Vervielf\u00e4ltigung, Bearbeitung, Verbreitung und jede Art der Verwertung au\u00dferhalb der Grenzen des Urheberrechtes bed\u00fcrfen der schriftlichen Zustimmung des jeweiligen Autors bzw. Erstellers. Downloads und Kopien dieser Seite sind nur f\u00fcr den privaten, nicht kommerziellen Gebrauch gestattet.<\/p>\n<p style=\"margin-bottom: 1.2em; padding: 0px; border: 0px; outline: 0px; vertical-align: baseline; font-stretch: normal; line-height: 1.5em; font-family: Lato, arial, sans-serif; color: #444444; font-size: 16px !important; background-position: 0px 0px;\">Soweit die Inhalte auf dieser Seite nicht vom Betreiber erstellt wurden, werden die Urheberrechte Dritter beachtet. Insbesondere werden Inhalte Dritter als solche gekennzeichnet. Sollten Sie trotzdem auf eine Urheberrechtsverletzung aufmerksam werden, bitten wir um einen entsprechenden Hinweis. Bei Bekanntwerden von Rechtsverletzungen werden wir derartige Inhalte umgehend entfernen.<\/p>\n<p>[\/et_pb_text][\/et_pb_column][\/et_pb_row][\/et_pb_section][et_pb_section fb_built=&#8220;1&#8243; padding_left_right_link_2=&#8220;true&#8220; padding_right_2=&#8220;5vw&#8220; padding_left_2=&#8220;5vw&#8220; admin_label=&#8220;Footer&#8220; _builder_version=&#8220;4.14.9&#8243; use_background_color_gradient=&#8220;on&#8220; background_color_gradient_start=&#8220;#272d37&#8243; background_color_gradient_end=&#8220;rgba(39,45,55,0.85)&#8220; background_color_gradient_direction=&#8220;138deg&#8220; background_color_gradient_end_position=&#8220;0%&#8220; background_image=&#8220;https:\/\/artbau-muenchen.de\/wp-content\/uploads\/2022\/07\/AdobeStock_209747080-scaled.jpg&#8220; module_alignment=&#8220;center&#8220; custom_margin=&#8220;||100px&#8220; custom_padding=&#8220;0|5vw|0|5vw|false|true&#8220; border_width_all=&#8220;5vw&#8220; border_color_all=&#8220;#ffffff&#8220; border_width_bottom=&#8220;0px&#8220; use_custom_width=&#8220;on&#8220; width_unit=&#8220;off&#8220; custom_width_percent=&#8220;100%&#8220; global_colors_info=&#8220;{}&#8220;][et_pb_row column_structure=&#8220;2_5,3_5&#8243; use_custom_gutter=&#8220;on&#8220; gutter_width=&#8220;1&#8243; padding_left_right_link_2=&#8220;true&#8220; module_class=&#8220; et_pb_row_fullwidth&#8220; _builder_version=&#8220;3.25&#8243; width=&#8220;100%&#8220; width_tablet=&#8220;100%&#8220; width_phone=&#8220;100%&#8220; width_last_edited=&#8220;on|desktop&#8220; max_width=&#8220;100%&#8220; max_width_tablet=&#8220;100%&#8220; max_width_phone=&#8220;100%&#8220; max_width_last_edited=&#8220;on|desktop&#8220; custom_padding=&#8220;0|0px|0|0px|false|false&#8220; make_fullwidth=&#8220;on&#8220; global_colors_info=&#8220;{}&#8220;][et_pb_column type=&#8220;2_5&#8243; _builder_version=&#8220;3.25&#8243; custom_padding=&#8220;|||&#8220; global_colors_info=&#8220;{}&#8220; custom_padding__hover=&#8220;|||&#8220;][et_pb_text _builder_version=&#8220;4.14.9&#8243; text_font=&#8220;||||||||&#8220; header_font=&#8220;||||||||&#8220; header_2_font=&#8220;Roboto|900|||||||&#8220; header_2_font_size=&#8220;3vw&#8220; header_2_line_height=&#8220;1.4em&#8220; header_4_font=&#8220;Roboto||||||||&#8220; header_4_text_color=&#8220;#666666&#8243; header_4_font_size=&#8220;24px&#8220; header_4_line_height=&#8220;1.2em&#8220; background_color=&#8220;#0C71C3&#8243; background_layout=&#8220;dark&#8220; custom_margin=&#8220;-5vw|||||false&#8220; custom_padding=&#8220;200px|5vw|100px|5vw|false|true&#8220; custom_padding_tablet=&#8220;30px|30px|30px|30px|true|true&#8220; custom_padding_phone=&#8220;&#8220; custom_padding_last_edited=&#8220;on|tablet&#8220; animation_style=&#8220;slide&#8220; animation_direction=&#8220;bottom&#8220; animation_intensity_slide=&#8220;2%&#8220; header_2_font_size_tablet=&#8220;35px&#8220; header_2_font_size_phone=&#8220;25px&#8220; header_2_font_size_last_edited=&#8220;on|phone&#8220; locked=&#8220;off&#8220; global_colors_info=&#8220;{}&#8220; header_font_size__hover=&#8220;30px&#8220; header_font_size__hover_enabled=&#8220;30px&#8220; header_letter_spacing__hover=&#8220;0px&#8220; header_letter_spacing__hover_enabled=&#8220;0px&#8220; header_text_shadow_style__hover=&#8220;none&#8220; header_text_shadow_style__hover_enabled=&#8220;none&#8220; header_text_shadow_color__hover=&#8220;rgba(0,0,0,0.4)&#8220; header_text_shadow_color__hover_enabled=&#8220;rgba(0,0,0,0.4)&#8220;]<\/p>\n<h2 class=\"headline cc-m-header-inline-rte\" id=\"cc-m-header-11676591697\" data-action=\"header\" data-name=\"header\" contenteditable=\"true\">FLIESEN VERLEGEN? BESSER MIT DEM PROFI<\/h2>\n<p>[\/et_pb_text][\/et_pb_column][et_pb_column type=&#8220;3_5&#8243; _builder_version=&#8220;3.25&#8243; custom_padding=&#8220;60px|5vw||5vw&#8220; global_colors_info=&#8220;{}&#8220; custom_padding__hover=&#8220;|||&#8220;][\/et_pb_column][\/et_pb_row][\/et_pb_section]<\/p>\n","protected":false},"excerpt":{"rendered":"<p>SO FINDET MAN UNS Standort in SchwindeggB\u00fcro und Verwaltung Fischerstra\u00dfe 1184419 Schwindegg art.bau@gmx.de www.artbau-muenchen.de Tel.: 080 823 120 622Mob.: 0177 3697776 ART BAU Wie der Name schon sagtNEUBAU UND ALTBAUSANIERUNGImpressum Angaben gem\u00e4\u00df \u00a7 5 TMG Arton JanuzajArt BauFischerstra\u00dfe 1184419 Schwindegg Kontakt Telefon: 080 823 120 622E-Mail: art.bau@gmx.de Kontakt wegen Werbezwecke M\u00f6chte eine Firma zu Verkaufszwecken [&hellip;]<\/p>\n","protected":false},"author":1,"featured_media":0,"parent":0,"menu_order":0,"comment_status":"closed","ping_status":"closed","template":"","meta":{"_et_pb_use_builder":"on","_et_pb_old_content":"","_et_gb_content_width":"","footnotes":""},"difl_page_category":[],"class_list":["post-192","page","type-page","status-publish","hentry"],"_links":{"self":[{"href":"https:\/\/artbau-muenchen.de\/index.php\/wp-json\/wp\/v2\/pages\/192","targetHints":{"allow":["GET"]}}],"collection":[{"href":"https:\/\/artbau-muenchen.de\/index.php\/wp-json\/wp\/v2\/pages"}],"about":[{"href":"https:\/\/artbau-muenchen.de\/index.php\/wp-json\/wp\/v2\/types\/page"}],"author":[{"embeddable":true,"href":"https:\/\/artbau-muenchen.de\/index.php\/wp-json\/wp\/v2\/users\/1"}],"replies":[{"embeddable":true,"href":"https:\/\/artbau-muenchen.de\/index.php\/wp-json\/wp\/v2\/comments?post=192"}],"version-history":[{"count":3,"href":"https:\/\/artbau-muenchen.de\/index.php\/wp-json\/wp\/v2\/pages\/192\/revisions"}],"predecessor-version":[{"id":301,"href":"https:\/\/artbau-muenchen.de\/index.php\/wp-json\/wp\/v2\/pages\/192\/revisions\/301"}],"wp:attachment":[{"href":"https:\/\/artbau-muenchen.de\/index.php\/wp-json\/wp\/v2\/media?parent=192"}],"wp:term":[{"taxonomy":"difl_page_category","embeddable":true,"href":"https:\/\/artbau-muenchen.de\/index.php\/wp-json\/wp\/v2\/difl_page_category?post=192"}],"curies":[{"name":"wp","href":"https:\/\/api.w.org\/{rel}","templated":true}]}}