{"id":75,"date":"2022-07-05T14:43:01","date_gmt":"2022-07-05T14:43:01","guid":{"rendered":"https:\/\/competent-fermat.195-242-103-230.plesk.page\/?page_id=75"},"modified":"2022-07-07T09:50:01","modified_gmt":"2022-07-07T09:50:01","slug":"trockenbau-2","status":"publish","type":"page","link":"https:\/\/artbau-muenchen.de\/index.php\/trockenbau-2\/","title":{"rendered":"Trockenbau"},"content":{"rendered":"<p>[et_pb_section fb_built=&#8220;1&#8243; specialty=&#8220;on&#8220; padding_left_right_link_2=&#8220;true&#8220; padding_right_2=&#8220;5vw&#8220; padding_left_2=&#8220;5vw&#8220; admin_label=&#8220;Header&#8220; _builder_version=&#8220;4.14.9&#8243; use_background_color_gradient=&#8220;on&#8220; background_color_gradient_start=&#8220;rgba(39,45,55,0.55)&#8220; background_color_gradient_end=&#8220;rgba(39,45,55,0)&#8220; background_color_gradient_overlays_image=&#8220;on&#8220; background_image=&#8220;https:\/\/artbau-muenchen.de\/wp-content\/uploads\/2022\/07\/AdobeStock_209747080-scaled.jpg&#8220; module_alignment=&#8220;center&#8220; inner_width=&#8220;100%&#8220; inner_max_width=&#8220;100%&#8220; custom_margin=&#8220;13px|||||&#8220; custom_margin_tablet=&#8220;0px||&#8220; custom_margin_phone=&#8220;&#8220; custom_margin_last_edited=&#8220;on|tablet&#8220; custom_padding=&#8220;0|0px|9vw|0px|false|false&#8220; border_width_all=&#8220;5vw&#8220; border_color_all=&#8220;#ffffff&#8220; border_width_bottom=&#8220;0px&#8220; use_custom_width=&#8220;on&#8220; width_unit=&#8220;off&#8220; custom_width_percent=&#8220;100%&#8220; locked=&#8220;off&#8220; global_colors_info=&#8220;{}&#8220;][et_pb_column type=&#8220;1_2&#8243; _builder_version=&#8220;3.25&#8243; custom_padding=&#8220;|||&#8220; global_colors_info=&#8220;{}&#8220; custom_padding__hover=&#8220;|||&#8220;][\/et_pb_column][et_pb_column type=&#8220;1_2&#8243; specialty_columns=&#8220;2&#8243; _builder_version=&#8220;3.25&#8243; custom_padding=&#8220;|||&#8220; global_colors_info=&#8220;{}&#8220; custom_padding__hover=&#8220;|||&#8220;][et_pb_row_inner custom_padding_last_edited=&#8220;on|tablet&#8220; _builder_version=&#8220;3.25&#8243; background_color=&#8220;#272d37&#8243; custom_margin=&#8220;-108px|||79px||&#8220; custom_margin_tablet=&#8220;0px||&#8220; custom_margin_phone=&#8220;&#8220; custom_margin_last_edited=&#8220;on|tablet&#8220; custom_padding=&#8220;60px|90px|60px|90px|true|true&#8220; custom_padding_tablet=&#8220;30px|30px|30px|30px|true|true&#8220; custom_padding_phone=&#8220;&#8220; animation_style=&#8220;slide&#8220; animation_direction=&#8220;bottom&#8220; animation_intensity_slide=&#8220;2%&#8220; global_colors_info=&#8220;{}&#8220;][et_pb_column_inner saved_specialty_column_type=&#8220;1_2&#8243; _builder_version=&#8220;3.25&#8243; custom_padding=&#8220;|||&#8220; global_colors_info=&#8220;{}&#8220; custom_padding__hover=&#8220;|||&#8220;][et_pb_text _builder_version=&#8220;4.14.9&#8243; text_font=&#8220;||||||||&#8220; header_font=&#8220;||||||||&#8220; header_2_font=&#8220;Roboto|900|||||||&#8220; header_2_font_size=&#8220;4vw&#8220; header_2_line_height=&#8220;1.4em&#8220; header_4_font=&#8220;Roboto||||||||&#8220; header_4_text_color=&#8220;#666666&#8243; header_4_font_size=&#8220;24px&#8220; header_4_line_height=&#8220;1.2em&#8220; text_orientation=&#8220;right&#8220; background_layout=&#8220;dark&#8220; header_2_font_size_tablet=&#8220;35px&#8220; header_2_font_size_phone=&#8220;25px&#8220; header_2_font_size_last_edited=&#8220;on|tablet&#8220; locked=&#8220;off&#8220; global_colors_info=&#8220;{}&#8220; header_font_size__hover=&#8220;30px&#8220; header_font_size__hover_enabled=&#8220;30px&#8220; header_letter_spacing__hover=&#8220;0px&#8220; header_letter_spacing__hover_enabled=&#8220;0px&#8220; header_text_shadow_style__hover=&#8220;none&#8220; header_text_shadow_style__hover_enabled=&#8220;none&#8220; header_text_shadow_color__hover=&#8220;rgba(0,0,0,0.4)&#8220; header_text_shadow_color__hover_enabled=&#8220;rgba(0,0,0,0.4)&#8220;]<\/p>\n<p>SO FINDET MAN UNS<\/p>\n<p style=\"text-align: left;\"><strong>Standort in Schwindegg<br \/><\/strong><strong>B\u00fcro und Verwaltung<\/strong><\/p>\n<p style=\"text-align: left;\">Fischerstra\u00dfe 11<br \/>84419 Schwindegg<\/p>\n<p style=\"text-align: left;\"><a href=\"mailto:art.bau@gmx.de\">art.bau@gmx.de<\/a><\/p>\n<p style=\"text-align: left;\">www.artbau-muenchen.de<\/p>\n<p style=\"text-align: left;\">\n<p style=\"text-align: left;\">Tel.: 080 823 120 622<br \/>Mob.: 0177 3697776<\/p>\n<p style=\"text-align: left;\">[\/et_pb_text][\/et_pb_column_inner][\/et_pb_row_inner][\/et_pb_column][\/et_pb_section][et_pb_section fb_built=&#8220;1&#8243; use_custom_gutter=&#8220;on&#8220; gutter_width=&#8220;1&#8243; specialty=&#8220;on&#8220; padding_left_right_link_1=&#8220;false&#8220; padding_top_1=&#8220;0px&#8220; admin_label=&#8220;Header&#8220; _builder_version=&#8220;3.22&#8243; module_alignment=&#8220;center&#8220; inner_width=&#8220;100%&#8220; inner_max_width=&#8220;100%&#8220; custom_padding=&#8220;0|0px|0|0px|false|false&#8220; border_width_all=&#8220;5vw&#8220; border_color_all=&#8220;#ffffff&#8220; border_width_top=&#8220;0px&#8220; border_width_bottom=&#8220;0px&#8220; use_custom_width=&#8220;on&#8220; width_unit=&#8220;off&#8220; custom_width_percent=&#8220;100%&#8220; locked=&#8220;off&#8220; global_colors_info=&#8220;{}&#8220;][et_pb_column type=&#8220;1_2&#8243; _builder_version=&#8220;3.25&#8243; custom_padding=&#8220;|||&#8220; global_colors_info=&#8220;{}&#8220; custom_padding__hover=&#8220;|||&#8220;][et_pb_text _builder_version=&#8220;4.14.9&#8243; text_font=&#8220;||||||||&#8220; header_font=&#8220;Roboto|900|||||||&#8220; header_font_size=&#8220;5vw&#8220; header_line_height=&#8220;1.4em&#8220; header_4_font=&#8220;Roboto||||||||&#8220; header_4_text_color=&#8220;#666666&#8243; header_4_font_size=&#8220;24px&#8220; header_4_line_height=&#8220;1.4em&#8220; background_color=&#8220;#ffffff&#8220; module_alignment=&#8220;left&#8220; custom_margin=&#8220;-9vw|||||false&#8220; custom_margin_tablet=&#8220;0vw||0vw||true&#8220; custom_margin_phone=&#8220;&#8220; custom_margin_last_edited=&#8220;on|tablet&#8220; custom_padding=&#8220;100px|5vw||5vw||true&#8220; custom_padding_tablet=&#8220;40px|5vw|40px|5vw|true|true&#8220; custom_padding_phone=&#8220;&#8220; custom_padding_last_edited=&#8220;on|desktop&#8220; header_font_size_tablet=&#8220;55px&#8220; header_font_size_phone=&#8220;35px&#8220; header_font_size_last_edited=&#8220;on|phone&#8220; header_4_font_size_tablet=&#8220;20px&#8220; header_4_font_size_phone=&#8220;18px&#8220; header_4_font_size_last_edited=&#8220;on|phone&#8220; locked=&#8220;off&#8220; global_colors_info=&#8220;{}&#8220;]<\/p>\n<h1>ART BAU<\/h1>\n<h4>Wie der Name schon sagt<\/h4>\n<p>[\/et_pb_text][\/et_pb_column][et_pb_column type=&#8220;1_2&#8243; specialty_columns=&#8220;2&#8243; _builder_version=&#8220;3.25&#8243; custom_padding=&#8220;|||&#8220; global_colors_info=&#8220;{}&#8220; custom_padding__hover=&#8220;|||&#8220;][et_pb_row_inner _builder_version=&#8220;4.14.9&#8243; _module_preset=&#8220;default&#8220; global_colors_info=&#8220;{}&#8220;][et_pb_column_inner saved_specialty_column_type=&#8220;1_2&#8243; _builder_version=&#8220;4.14.9&#8243; _module_preset=&#8220;default&#8220; global_colors_info=&#8220;{}&#8220;][et_pb_text _builder_version=&#8220;4.14.9&#8243; _module_preset=&#8220;default&#8220; text_font_size=&#8220;22px&#8220; custom_margin=&#8220;-27px|||||&#8220; global_colors_info=&#8220;{}&#8220;]<\/p>\n<p style=\"text-align: center;\">NEUBAU UND ALTBAUSANIERUNG<\/p>\n<p>[\/et_pb_text][\/et_pb_column_inner][\/et_pb_row_inner][\/et_pb_column][\/et_pb_section][et_pb_section fb_built=&#8220;1&#8243; _builder_version=&#8220;4.14.9&#8243; _module_preset=&#8220;default&#8220; global_colors_info=&#8220;{}&#8220;][et_pb_row _builder_version=&#8220;4.14.9&#8243; _module_preset=&#8220;default&#8220; global_colors_info=&#8220;{}&#8220;][et_pb_column type=&#8220;4_4&#8243; _builder_version=&#8220;4.14.9&#8243; _module_preset=&#8220;default&#8220; global_colors_info=&#8220;{}&#8220;][et_pb_text _builder_version=&#8220;4.14.9&#8243; _module_preset=&#8220;default&#8220; text_font_size=&#8220;33px&#8220; custom_margin=&#8220;-54px|||||&#8220; global_colors_info=&#8220;{}&#8220;]<\/p>\n<p>TROCKENBAU<\/p>\n<p>[\/et_pb_text][et_pb_gallery gallery_ids=&#8220;42,41,39,58&#8243; orientation=&#8220;portrait&#8220; show_title_and_caption=&#8220;off&#8220; show_pagination=&#8220;off&#8220; _builder_version=&#8220;4.14.9&#8243; _module_preset=&#8220;default&#8220; global_colors_info=&#8220;{}&#8220;][\/et_pb_gallery][\/et_pb_column][\/et_pb_row][et_pb_row column_structure=&#8220;1_2,1_2&#8243; _builder_version=&#8220;4.14.9&#8243; _module_preset=&#8220;default&#8220; global_colors_info=&#8220;{}&#8220;][et_pb_column type=&#8220;1_2&#8243; _builder_version=&#8220;4.14.9&#8243; _module_preset=&#8220;default&#8220; global_colors_info=&#8220;{}&#8220;][et_pb_text _builder_version=&#8220;4.14.9&#8243; _module_preset=&#8220;default&#8220; global_colors_info=&#8220;{}&#8220;]<\/p>\n<p><span style=\"font-size: 14px;\">Heutige Anforderungen im Privatleben wie im Beruf sind h\u00e4ufig von Flexibilit\u00e4t gepr\u00e4gt. Dies gilt auch f\u00fcr die Gestaltung der Grundrisse von Innenr\u00e4umen. Der moderne Trockenbau ist die Antwort darauf, preisg\u00fcnstig und schnell.<\/span><\/p>\n<p><span style=\"font-size: 14px;\">\u00a0\u00a0<\/span><\/p>\n<p><span style=\"font-size: 14px;\">Wir von<span>\u00a0<\/span><strong>Art Bau\u00a0<\/strong>f\u00fchren f\u00fcr Sie den Trockenbau in Ihrer Immobilie aus. Etwa den Aufbau von Zwischenw\u00e4nden f\u00fcr neue B\u00fcror\u00e4ume oder in Wohnungen. Wir richten uns beim Trockenbau nach Ihren Anforderungen und W\u00fcnschen. Schalld\u00e4mmende Trockenbauw\u00e4nde, den Einbau von T\u00fcren, Fenstern oder Durchreichen, W\u00e4nde mit hoher Tragkraft und Feuchtraumgeeignet f\u00fcr Sanit\u00e4reinrichtungen inklusive der Verlegung von Leerrohren und Unterputzdosen, sind nur ein paar Beispiele daf\u00fcr, was wir von Artbau-Muenchen f\u00fcr Sie im Segment Trockenbau tun k\u00f6nnen. Kontaktieren Sie uns jetzt f\u00fcr ein unverbindliches Gespr\u00e4ch.<\/span><\/p>\n<p>[\/et_pb_text][\/et_pb_column][et_pb_column type=&#8220;1_2&#8243; _builder_version=&#8220;4.14.9&#8243; _module_preset=&#8220;default&#8220; global_colors_info=&#8220;{}&#8220;][et_pb_text _builder_version=&#8220;4.14.9&#8243; _module_preset=&#8220;default&#8220; text_font_size=&#8220;26px&#8220; custom_padding=&#8220;||3px|||&#8220; global_colors_info=&#8220;{}&#8220;]<\/p>\n<p style=\"text-align: center;\">Fliesenverlegung<\/p>\n<p style=\"text-align: center;\">Trockenbau<\/p>\n<p style=\"text-align: center;\">Aussenanlage<\/p>\n<p style=\"text-align: center;\">Fassaden<\/p>\n<p>[\/et_pb_text][et_pb_image src=&#8220;https:\/\/artbau-muenchen.de\/wp-content\/uploads\/2022\/07\/zghrtujhih.png&#8220; title_text=&#8220;zghrtujhih&#8220; align=&#8220;center&#8220; _builder_version=&#8220;4.14.9&#8243; _module_preset=&#8220;default&#8220; custom_margin=&#8220;-67px|||||&#8220; global_colors_info=&#8220;{}&#8220;][\/et_pb_image][\/et_pb_column][\/et_pb_row][et_pb_row _builder_version=&#8220;4.14.9&#8243; _module_preset=&#8220;default&#8220; global_colors_info=&#8220;{}&#8220;][et_pb_column type=&#8220;4_4&#8243; _builder_version=&#8220;4.14.9&#8243; _module_preset=&#8220;default&#8220; global_colors_info=&#8220;{}&#8220;][et_pb_text _builder_version=&#8220;4.14.9&#8243; _module_preset=&#8220;default&#8220; text_font_size=&#8220;23px&#8220; global_colors_info=&#8220;{}&#8220;]<\/p>\n<p>FLIESENVERLEGUNG<\/p>\n<p>[\/et_pb_text][et_pb_gallery gallery_ids=&#8220;37,38,36,46&#8243; orientation=&#8220;portrait&#8220; show_title_and_caption=&#8220;off&#8220; show_pagination=&#8220;off&#8220; _builder_version=&#8220;4.14.9&#8243; _module_preset=&#8220;default&#8220; global_colors_info=&#8220;{}&#8220;][\/et_pb_gallery][et_pb_slider _builder_version=&#8220;4.14.9&#8243; _module_preset=&#8220;default&#8220; background_color=&#8220;#FFFFFF&#8220; custom_margin=&#8220;-55px|||||&#8220; custom_padding=&#8220;111px||0px|||&#8220; global_colors_info=&#8220;{}&#8220;][et_pb_slide image=&#8220;https:\/\/artbau-muenchen.de\/wp-content\/uploads\/2022\/07\/PHOTO-2019-11-05-18-16-35-4.jpg&#8220; _builder_version=&#8220;4.14.9&#8243; _module_preset=&#8220;default&#8220; background_color=&#8220;RGBA(255,255,255,0)&#8220; background_enable_color=&#8220;on&#8220; global_colors_info=&#8220;{}&#8220; sticky_transition=&#8220;on&#8220;][\/et_pb_slide][et_pb_slide image=&#8220;https:\/\/artbau-muenchen.de\/wp-content\/uploads\/2022\/07\/PHOTO-2019-11-05-19-50-00-3-1.jpg&#8220; _builder_version=&#8220;4.14.9&#8243; _module_preset=&#8220;default&#8220; background_color=&#8220;RGBA(255,255,255,0)&#8220; background_enable_color=&#8220;on&#8220; width=&#8220;100%&#8220; max_width=&#8220;100%&#8220; global_colors_info=&#8220;{}&#8220; sticky_transition=&#8220;on&#8220;][\/et_pb_slide][et_pb_slide image=&#8220;https:\/\/artbau-muenchen.de\/wp-content\/uploads\/2022\/07\/trockenbau.jpg&#8220; _builder_version=&#8220;4.14.9&#8243; _module_preset=&#8220;default&#8220; background_color=&#8220;RGBA(255,255,255,0)&#8220; background_enable_color=&#8220;on&#8220; global_colors_info=&#8220;{}&#8220; sticky_transition=&#8220;on&#8220;][\/et_pb_slide][\/et_pb_slider][et_pb_button button_text=&#8220;Mehr&#8220; button_alignment=&#8220;center&#8220; _builder_version=&#8220;4.14.9&#8243; _module_preset=&#8220;default&#8220; custom_margin=&#8220;-54px|||||&#8220; global_colors_info=&#8220;{}&#8220;][\/et_pb_button][et_pb_text _builder_version=&#8220;4.14.9&#8243; _module_preset=&#8220;default&#8220; custom_margin=&#8220;-129px|||||&#8220; global_colors_info=&#8220;{}&#8220;]<\/p>\n<p style=\"text-align: center;\"><strong><span style=\"caret-color: #000000; color: #000000; font-size: medium;\">Fliesen verlegen? Besser mit dem Profis von Art Bau<\/span><\/strong><\/p>\n<p>[\/et_pb_text][\/et_pb_column][\/et_pb_row][\/et_pb_section][et_pb_section fb_built=&#8220;1&#8243; fullwidth=&#8220;on&#8220; _builder_version=&#8220;4.14.9&#8243; _module_preset=&#8220;default&#8220; global_colors_info=&#8220;{}&#8220;][et_pb_fullwidth_slider _builder_version=&#8220;4.14.9&#8243; _module_preset=&#8220;default&#8220; use_background_color_gradient=&#8220;on&#8220; background_color_gradient_start=&#8220;#828282&#8243; background_color_gradient_end=&#8220;#ffffff&#8220; background_color_gradient_direction=&#8220;73deg&#8220; global_colors_info=&#8220;{}&#8220;][et_pb_slide heading=&#8220;Au\u00dfenanlage&#8220; button_text=&#8220;Mehr&#8220; image=&#8220;https:\/\/artbau-muenchen.de\/wp-content\/uploads\/2022\/07\/Ausenanlage-2.jpg&#8220; use_text_overlay=&#8220;on&#8220; image_tablet=&#8220;https:\/\/artbau-muenchen.de\/wp-content\/uploads\/2022\/07\/Ausenanlage-2.jpg&#8220; image_phone=&#8220;https:\/\/artbau-muenchen.de\/wp-content\/uploads\/2022\/07\/Ausenanlage-2.jpg&#8220; image_last_edited=&#8220;on|phone&#8220; _builder_version=&#8220;4.14.9&#8243; _module_preset=&#8220;default&#8220; body_font_size=&#8220;21px&#8220; background_last_edited=&#8220;on|phone&#8220; background_image_phone=&#8220;https:\/\/artbau-muenchen.de\/wp-content\/uploads\/2022\/07\/Ausenanlage-2.jpg&#8220; background_enable_image_phone=&#8220;on&#8220; global_colors_info=&#8220;{}&#8220; sticky_transition=&#8220;on&#8220;]<\/p>\n<p>Die Aussenanlage, die Visitenkarte Ihrer Immobilie<\/p>\n<p>[\/et_pb_slide][et_pb_slide heading=&#8220;Fassaden&#8220; button_text=&#8220;Mehr&#8220; image=&#8220;https:\/\/artbau-muenchen.de\/wp-content\/uploads\/2022\/07\/Fassaden2.jpg&#8220; _builder_version=&#8220;4.14.9&#8243; _module_preset=&#8220;default&#8220; body_font_size=&#8220;20px&#8220; background_enable_image=&#8220;off&#8220; global_colors_info=&#8220;{}&#8220; sticky_transition=&#8220;on&#8220;]<\/p>\n<p>Fassaden \u2013 Schutz und Anzug Ihrer Immobilie<\/p>\n<p>[\/et_pb_slide][\/et_pb_fullwidth_slider][\/et_pb_section][et_pb_section fb_built=&#8220;1&#8243; padding_left_right_link_2=&#8220;true&#8220; padding_right_2=&#8220;5vw&#8220; padding_left_2=&#8220;5vw&#8220; admin_label=&#8220;Footer&#8220; _builder_version=&#8220;4.14.9&#8243; use_background_color_gradient=&#8220;on&#8220; background_color_gradient_start=&#8220;#272d37&#8243; background_color_gradient_end=&#8220;rgba(39,45,55,0.85)&#8220; background_color_gradient_direction=&#8220;138deg&#8220; background_color_gradient_end_position=&#8220;0%&#8220; background_image=&#8220;https:\/\/artbau-muenchen.de\/wp-content\/uploads\/2022\/07\/AdobeStock_209747080-scaled.jpg&#8220; module_alignment=&#8220;center&#8220; custom_margin=&#8220;-1px||100px|||&#8220; custom_padding=&#8220;0|5vw|0|5vw|false|true&#8220; border_width_all=&#8220;5vw&#8220; border_color_all=&#8220;#ffffff&#8220; border_width_bottom=&#8220;0px&#8220; use_custom_width=&#8220;on&#8220; width_unit=&#8220;off&#8220; custom_width_percent=&#8220;100%&#8220; global_colors_info=&#8220;{}&#8220;][et_pb_row column_structure=&#8220;2_5,3_5&#8243; use_custom_gutter=&#8220;on&#8220; gutter_width=&#8220;1&#8243; padding_left_right_link_2=&#8220;true&#8220; module_class=&#8220; et_pb_row_fullwidth&#8220; _builder_version=&#8220;3.25&#8243; width=&#8220;100%&#8220; width_tablet=&#8220;100%&#8220; width_phone=&#8220;100%&#8220; width_last_edited=&#8220;on|desktop&#8220; max_width=&#8220;100%&#8220; max_width_tablet=&#8220;100%&#8220; max_width_phone=&#8220;100%&#8220; max_width_last_edited=&#8220;on|desktop&#8220; custom_padding=&#8220;0|0px|0|0px|false|false&#8220; make_fullwidth=&#8220;on&#8220; global_colors_info=&#8220;{}&#8220;][et_pb_column type=&#8220;2_5&#8243; _builder_version=&#8220;3.25&#8243; custom_padding=&#8220;|||&#8220; global_colors_info=&#8220;{}&#8220; custom_padding__hover=&#8220;|||&#8220;][et_pb_text _builder_version=&#8220;4.14.9&#8243; text_font=&#8220;||||||||&#8220; header_font=&#8220;||||||||&#8220; header_2_font=&#8220;Roboto|900|||||||&#8220; header_2_font_size=&#8220;3vw&#8220; header_2_line_height=&#8220;1.4em&#8220; header_4_font=&#8220;Roboto||||||||&#8220; header_4_text_color=&#8220;#666666&#8243; header_4_font_size=&#8220;24px&#8220; header_4_line_height=&#8220;1.2em&#8220; background_color=&#8220;#0C71C3&#8243; background_layout=&#8220;dark&#8220; custom_margin=&#8220;-5vw|||||false&#8220; custom_padding=&#8220;200px|5vw|100px|5vw|false|true&#8220; custom_padding_tablet=&#8220;30px|30px|30px|30px|true|true&#8220; custom_padding_phone=&#8220;&#8220; custom_padding_last_edited=&#8220;on|tablet&#8220; animation_style=&#8220;slide&#8220; animation_direction=&#8220;bottom&#8220; animation_intensity_slide=&#8220;2%&#8220; header_2_font_size_tablet=&#8220;35px&#8220; header_2_font_size_phone=&#8220;25px&#8220; header_2_font_size_last_edited=&#8220;on|phone&#8220; locked=&#8220;off&#8220; global_colors_info=&#8220;{}&#8220; header_font_size__hover=&#8220;30px&#8220; header_font_size__hover_enabled=&#8220;30px&#8220; header_letter_spacing__hover=&#8220;0px&#8220; header_letter_spacing__hover_enabled=&#8220;0px&#8220; header_text_shadow_style__hover=&#8220;none&#8220; header_text_shadow_style__hover_enabled=&#8220;none&#8220; header_text_shadow_color__hover=&#8220;rgba(0,0,0,0.4)&#8220; header_text_shadow_color__hover_enabled=&#8220;rgba(0,0,0,0.4)&#8220;]<\/p>\n<h2 class=\"headline cc-m-header-inline-rte\" id=\"cc-m-header-11676591697\" data-action=\"header\" data-name=\"header\" contenteditable=\"true\">FLIESEN VERLEGEN? BESSER MIT DEM PROFI<\/h2>\n<p>[\/et_pb_text][\/et_pb_column][et_pb_column type=&#8220;3_5&#8243; _builder_version=&#8220;3.25&#8243; custom_padding=&#8220;60px|5vw||5vw&#8220; global_colors_info=&#8220;{}&#8220; custom_padding__hover=&#8220;|||&#8220;][\/et_pb_column][\/et_pb_row][\/et_pb_section]<\/p>\n","protected":false},"excerpt":{"rendered":"<p>SO FINDET MAN UNS Standort in SchwindeggB\u00fcro und Verwaltung Fischerstra\u00dfe 1184419 Schwindegg art.bau@gmx.de www.artbau-muenchen.de Tel.: 080 823 120 622Mob.: 0177 3697776 ART BAU Wie der Name schon sagtNEUBAU UND ALTBAUSANIERUNGTROCKENBAUHeutige Anforderungen im Privatleben wie im Beruf sind h\u00e4ufig von Flexibilit\u00e4t gepr\u00e4gt. Dies gilt auch f\u00fcr die Gestaltung der Grundrisse von Innenr\u00e4umen. Der moderne Trockenbau ist [&hellip;]<\/p>\n","protected":false},"author":1,"featured_media":0,"parent":0,"menu_order":0,"comment_status":"closed","ping_status":"closed","template":"","meta":{"_et_pb_use_builder":"on","_et_pb_old_content":"","_et_gb_content_width":"","footnotes":""},"difl_page_category":[],"class_list":["post-75","page","type-page","status-publish","hentry"],"_links":{"self":[{"href":"https:\/\/artbau-muenchen.de\/index.php\/wp-json\/wp\/v2\/pages\/75","targetHints":{"allow":["GET"]}}],"collection":[{"href":"https:\/\/artbau-muenchen.de\/index.php\/wp-json\/wp\/v2\/pages"}],"about":[{"href":"https:\/\/artbau-muenchen.de\/index.php\/wp-json\/wp\/v2\/types\/page"}],"author":[{"embeddable":true,"href":"https:\/\/artbau-muenchen.de\/index.php\/wp-json\/wp\/v2\/users\/1"}],"replies":[{"embeddable":true,"href":"https:\/\/artbau-muenchen.de\/index.php\/wp-json\/wp\/v2\/comments?post=75"}],"version-history":[{"count":5,"href":"https:\/\/artbau-muenchen.de\/index.php\/wp-json\/wp\/v2\/pages\/75\/revisions"}],"predecessor-version":[{"id":224,"href":"https:\/\/artbau-muenchen.de\/index.php\/wp-json\/wp\/v2\/pages\/75\/revisions\/224"}],"wp:attachment":[{"href":"https:\/\/artbau-muenchen.de\/index.php\/wp-json\/wp\/v2\/media?parent=75"}],"wp:term":[{"taxonomy":"difl_page_category","embeddable":true,"href":"https:\/\/artbau-muenchen.de\/index.php\/wp-json\/wp\/v2\/difl_page_category?post=75"}],"curies":[{"name":"wp","href":"https:\/\/api.w.org\/{rel}","templated":true}]}}